{"id":3534,"date":"2017-09-08T15:34:11","date_gmt":"2017-09-08T18:34:11","guid":{"rendered":"http:\/\/www.plasparts.com.br\/?page_id=3534"},"modified":"2017-09-18T23:24:56","modified_gmt":"2017-09-19T02:24:56","slug":"camelpet","status":"publish","type":"page","link":"https:\/\/plasparts.com.br\/wp01\/camelpet\/","title":{"rendered":"CamelPET &#8211; Plasparts"},"content":{"rendered":"<p>[et_pb_section bb_built=&#8221;1&#8243; background_color=&#8221;rgba(0,0,0,0.57)&#8221; _builder_version=&#8221;3.0.72&#8243; background_image=&#8221;http:\/\/plasparts.com.br\/wp01\/wp-content\/uploads\/2017\/09\/IMG_2468.jpg&#8221; background_blend=&#8221;darken&#8221; background_repeat=&#8221;repeat&#8221;][et_pb_row _builder_version=&#8221;3.0.72&#8243; background_repeat_1=&#8221;no-repeat&#8221;][et_pb_column type=&#8221;4_4&#8243;][et_pb_post_title _builder_version=&#8221;3.0.75&#8243; title=&#8221;on&#8221; meta=&#8221;off&#8221; author=&#8221;on&#8221; date=&#8221;on&#8221; categories=&#8221;on&#8221; comments=&#8221;on&#8221; featured_image=&#8221;on&#8221; featured_placement=&#8221;below&#8221; text_color=&#8221;light&#8221; text_background=&#8221;on&#8221; border_style=&#8221;solid&#8221; text_bg_color=&#8221;rgba(224,43,32,0.7)&#8221; title_font_size=&#8221;45px&#8221; text_orientation=&#8221;center&#8221; \/][et_pb_text _builder_version=&#8221;3.0.72&#8243; background_layout=&#8221;dark&#8221; text_orientation=&#8221;left&#8221; text_font=&#8221;Playfair Display||||&#8221; text_font_size=&#8221;42&#8243; border_style=&#8221;solid&#8221; module_alignment=&#8221;left&#8221;]<\/p>\n<p style=\"text-align: center;\">Kit de Suc\u00e7\u00e3o para Hidrata\u00e7\u00e3o com uso de Garrafas PET<\/p>\n<p>[\/et_pb_text][et_pb_image _builder_version=&#8221;3.0.72&#8243; src=&#8221;http:\/\/plasparts.com.br\/wp01\/wp-content\/uploads\/2017\/03\/IMG_2457.jpg&#8221; show_in_lightbox=&#8221;off&#8221; url_new_window=&#8221;off&#8221; use_overlay=&#8221;off&#8221; sticky=&#8221;off&#8221; align=&#8221;center&#8221; always_center_on_mobile=&#8221;on&#8221; border_width=&#8221;4px&#8221; border_style=&#8221;solid&#8221; force_fullwidth=&#8221;off&#8221; animation_style=&#8221;flip&#8221; border_color=&#8221;#000000&#8243; \/][\/et_pb_column][\/et_pb_row][et_pb_row][et_pb_column type=&#8221;1_3&#8243;][et_pb_text admin_label=&#8221;Pr\u00e1tico&#8221; background_layout=&#8221;dark&#8221; text_orientation=&#8221;center&#8221; _builder_version=&#8221;3.0.72&#8243; border_style=&#8221;solid&#8221; module_alignment=&#8221;center&#8221;]<\/p>\n<h4><strong>Pr\u00e1tico<\/strong><\/h4>\n<p>Pode ser utilizado em qualquer garrafa PET do mercado, adaptando-se perfeitamente em seus bocais.<\/p>\n<p>[\/et_pb_text][\/et_pb_column][et_pb_column type=&#8221;1_3&#8243;][et_pb_text admin_label=&#8221;Resistente&#8221; background_layout=&#8221;dark&#8221; text_orientation=&#8221;center&#8221; _builder_version=&#8221;3.0.72&#8243; border_style=&#8221;solid&#8221; module_alignment=&#8221;center&#8221;]<\/p>\n<h4><strong>Resistente<\/strong><\/h4>\n<p>Fabricado em pl\u00e1stico super resistente e com mangueira at\u00f3xica, pr\u00f3pria para essa finalidade.<\/p>\n<p>[\/et_pb_text][\/et_pb_column][et_pb_column type=&#8221;1_3&#8243;][et_pb_text admin_label=&#8221;Acess\u00edvel&#8221; background_layout=&#8221;dark&#8221; text_orientation=&#8221;center&#8221; _builder_version=&#8221;3.0.72&#8243; border_style=&#8221;solid&#8221; module_alignment=&#8221;center&#8221;]<\/p>\n<h4><b>Acess\u00edvel<\/b><\/h4>\n<p>Confira o Kit CamelPET nos nossos pontos de revenda e descubra como economizar.<\/p>\n<p>[\/et_pb_text][\/et_pb_column][\/et_pb_row][et_pb_row][et_pb_column type=&#8221;4_4&#8243;][et_pb_gallery _builder_version=&#8221;3.0.72&#8243; gallery_orderby=&#8221;rand&#8221; posts_number=&#8221;20&#8243; show_title_and_caption=&#8221;off&#8221; show_pagination=&#8221;on&#8221; gallery_ids=&#8221;3501,3502,3503,3504,3505,3506,3507,3508,3509,3500,3511,3512,3514,3516,3518,3519,3510&#8243; fullwidth=&#8221;off&#8221; orientation=&#8221;landscape&#8221; zoom_icon_color=&#8221;#2ea3f2&#8243; hover_overlay_color=&#8221;rgba(255,255,255,0.9)&#8221; background_layout=&#8221;light&#8221; border_style=&#8221;solid&#8221; \/][et_pb_cta admin_label=&#8221;Call To Action&#8221; button_text=&#8221;Onde Comprar&#8221; background_color=&#8221;#2caaca&#8221; use_background_color=&#8221;off&#8221; background_layout=&#8221;dark&#8221; button_url=&#8221;http:\/\/www.plasparts.com.br\/#distribuidores&#8221; _builder_version=&#8221;3.0.72&#8243; url_new_window=&#8221;off&#8221; border_style=&#8221;solid&#8221; custom_button=&#8221;off&#8221; button_letter_spacing=&#8221;0&#8243; button_icon_placement=&#8221;right&#8221; button_letter_spacing_hover=&#8221;0&#8243; \/][\/et_pb_column][\/et_pb_row][\/et_pb_section]<\/p>\n","protected":false},"excerpt":{"rendered":"<p>[et_pb_section bb_built=&#8221;1&#8243; background_color=&#8221;rgba(0,0,0,0.57)&#8221; _builder_version=&#8221;3.0.72&#8243; background_image=&#8221;http:\/\/plasparts.com.br\/wp01\/wp-content\/uploads\/2017\/09\/IMG_2468.jpg&#8221; background_blend=&#8221;darken&#8221; background_repeat=&#8221;repeat&#8221;][et_pb_row _builder_version=&#8221;3.0.72&#8243; background_repeat_1=&#8221;no-repeat&#8221;][et_pb_column type=&#8221;4_4&#8243;][et_pb_post_title _builder_version=&#8221;3.0.75&#8243; title=&#8221;on&#8221; meta=&#8221;off&#8221; author=&#8221;on&#8221; date=&#8221;on&#8221; categories=&#8221;on&#8221; comments=&#8221;on&#8221; featured_image=&#8221;on&#8221; featured_placement=&#8221;below&#8221; text_color=&#8221;light&#8221; text_background=&#8221;on&#8221; border_style=&#8221;solid&#8221; text_bg_color=&#8221;rgba(224,43,32,0.7)&#8221; title_font_size=&#8221;45px&#8221; text_orientation=&#8221;center&#8221; \/][et_pb_text _builder_version=&#8221;3.0.72&#8243; background_layout=&#8221;dark&#8221; text_orientation=&#8221;left&#8221; text_font=&#8221;Playfair Display||||&#8221; text_font_size=&#8221;42&#8243; border_style=&#8221;solid&#8221; module_alignment=&#8221;left&#8221;] Kit de Suc\u00e7\u00e3o para Hidrata\u00e7\u00e3o com uso de Garrafas PET [\/et_pb_text][et_pb_image _builder_version=&#8221;3.0.72&#8243; src=&#8221;http:\/\/plasparts.com.br\/wp01\/wp-content\/uploads\/2017\/03\/IMG_2457.jpg&#8221; show_in_lightbox=&#8221;off&#8221; url_new_window=&#8221;off&#8221; use_overlay=&#8221;off&#8221; sticky=&#8221;off&#8221; align=&#8221;center&#8221; always_center_on_mobile=&#8221;on&#8221; border_width=&#8221;4px&#8221; border_style=&#8221;solid&#8221; [&hellip;]<\/p>\n","protected":false},"author":1,"featured_media":0,"parent":0,"menu_order":0,"comment_status":"closed","ping_status":"closed","template":"","meta":{"_et_pb_use_builder":"on","_et_pb_old_content":"","footnotes":""},"class_list":["post-3534","page","type-page","status-publish","hentry"],"_links":{"self":[{"href":"https:\/\/plasparts.com.br\/wp01\/wp-json\/wp\/v2\/pages\/3534","targetHints":{"allow":["GET"]}}],"collection":[{"href":"https:\/\/plasparts.com.br\/wp01\/wp-json\/wp\/v2\/pages"}],"about":[{"href":"https:\/\/plasparts.com.br\/wp01\/wp-json\/wp\/v2\/types\/page"}],"author":[{"embeddable":true,"href":"https:\/\/plasparts.com.br\/wp01\/wp-json\/wp\/v2\/users\/1"}],"replies":[{"embeddable":true,"href":"https:\/\/plasparts.com.br\/wp01\/wp-json\/wp\/v2\/comments?post=3534"}],"version-history":[{"count":7,"href":"https:\/\/plasparts.com.br\/wp01\/wp-json\/wp\/v2\/pages\/3534\/revisions"}],"predecessor-version":[{"id":3544,"href":"https:\/\/plasparts.com.br\/wp01\/wp-json\/wp\/v2\/pages\/3534\/revisions\/3544"}],"wp:attachment":[{"href":"https:\/\/plasparts.com.br\/wp01\/wp-json\/wp\/v2\/media?parent=3534"}],"curies":[{"name":"wp","href":"https:\/\/api.w.org\/{rel}","templated":true}]}}